{"id":19,"date":"2025-04-04T14:54:42","date_gmt":"2025-04-04T14:54:42","guid":{"rendered":"https:\/\/pma-solutions.de\/?page_id=19"},"modified":"2025-05-24T17:40:25","modified_gmt":"2025-05-24T16:40:25","slug":"start","status":"publish","type":"page","link":"https:\/\/pma-solutions.de\/","title":{"rendered":""},"content":{"rendered":"\t\t<div data-elementor-type=\"wp-page\" data-elementor-id=\"19\" class=\"elementor elementor-19\">\n\t\t\t\t<div class=\"elementor-element elementor-element-6a45a20 e-flex e-con-boxed e-con e-parent\" data-id=\"6a45a20\" data-element_type=\"container\">\n\t\t\t\t\t<div class=\"e-con-inner\">\n\t\t\t\t<div class=\"elementor-element elementor-element-4b7276f elementor-position-left elementor-widget__width-inherit elementor-vertical-align-top elementor-widget elementor-widget-image-box\" data-id=\"4b7276f\" data-element_type=\"widget\" data-widget_type=\"image-box.default\">\n\t\t\t\t<div class=\"elementor-widget-container\">\n\t\t\t\t\t<div class=\"elementor-image-box-wrapper\"><figure class=\"elementor-image-box-img\"><img fetchpriority=\"high\" decoding=\"async\" width=\"825\" height=\"1500\" src=\"https:\/\/pma-solutions.de\/wp-content\/uploads\/2025\/05\/Philip2.png\" class=\"attachment-full size-full wp-image-359\" alt=\"\" srcset=\"https:\/\/pma-solutions.de\/wp-content\/uploads\/2025\/05\/Philip2.png 825w, https:\/\/pma-solutions.de\/wp-content\/uploads\/2025\/05\/Philip2-165x300.png 165w, https:\/\/pma-solutions.de\/wp-content\/uploads\/2025\/05\/Philip2-563x1024.png 563w, https:\/\/pma-solutions.de\/wp-content\/uploads\/2025\/05\/Philip2-768x1396.png 768w\" sizes=\"(max-width: 825px) 100vw, 825px\" \/><\/figure><div class=\"elementor-image-box-content\"><p class=\"elementor-image-box-description\"><strong>\u00dcber mich<\/strong><br>Als Berater verf\u00fcge ich \u00fcber langj\u00e4hrige Erfahrung in den Herausforderungen von Unternehmen.  Ich kann f\u00fcr Sie praxiserprobte L\u00f6sungen ma\u00dfgeschneidert entwickeln und diese effizient, messbar und zielgerichtet\u00a0umsetzen. <\/br><\/br>\nIch unterst\u00fctze kleine und mittelst\u00e4ndische Unternehmen aus der <strong>Produktion<\/strong> sowie dem <strong>Gro\u00df- und Au\u00dfenhandel<\/strong> dabei, ihre individuellen Problemstellungen  nachhaltig zu meistern \u2013 sei es durch die L\u00f6sung konkreter Aufgaben, die Optimierung bestehender Prozesse, die bessere Verzahnung von Aufbau- und Ablauforganisation oder durch die Automatisierung, Digitalisierung bzw. die Einf\u00fchrung eines\u00a0ERP-Systems.<\/br><\/br>\nDar\u00fcber hinaus begleite ich Sie bei vielen weiteren unternehmensspezifischen Fragestellungen \u2013 insbesondere dann, wenn ineffiziente Strukturen Sie daran hindern, den gew\u00fcnschten wirtschaftlichen Erfolg zu erzielen.<\/br><\/br>\n<strong>Mein Ziel:<\/strong> Ihre Kosten zu senken oder Ihre Ertr\u00e4ge zu steigern \u2013 idealerweise beides.<\/br><br>\nF\u00fcr Ihre Mitarbeitenden bedeutet die Zusammenarbeit mit mir in der Regel eine sp\u00fcrbare Entlastung: Durch die Optimierung von Prozessen und die Integration digitaler L\u00f6sungen (z.\u202fB. durch Automatisierung) werden monotone T\u00e4tigkeiten reduziert. Dies schafft Freir\u00e4ume f\u00fcr qualifiziertere und wertsch\u00f6pfendere Aufgaben.\nMein fachlicher Schwerpunkt liegt im <strong>Prozess- und Projektmanagement,<\/strong> erg\u00e4nzt durch fundierte Kenntnisse in der <strong>ERP-Beratung<\/strong> (inklusive Neueinf\u00fchrung) sowie im <strong>Change Management.<\/strong> <\/br>\nMein Anspruch ist es, gemeinsam mit Ihnen Strukturen zu schaffen, Abl\u00e4ufe zu verbessern und Ver\u00e4nderungen im Unternehmen gezielt und wirkungsvoll umzusetzen \u2013 <strong>pragmatisch, zielorientiert<\/strong> und auf <strong>Augenh\u00f6he.<\/strong><\/p><\/div><\/div>\t\t\t\t<\/div>\n\t\t\t\t<\/div>\n\t\t\t\t\t<\/div>\n\t\t\t\t<\/div>\n\t\t\t\t<\/div>\n\t\t","protected":false},"excerpt":{"rendered":"<p>\u00dcber michAls Berater verf\u00fcge ich \u00fcber langj\u00e4hrige Erfahrung in den Herausforderungen von Unternehmen. Ich kann f\u00fcr Sie praxiserprobte L\u00f6sungen ma\u00dfgeschneidert entwickeln und diese effizient, messbar und zielgerichtet\u00a0umsetzen. Ich unterst\u00fctze kleine und mittelst\u00e4ndische Unternehmen aus der Produktion sowie dem Gro\u00df- und Au\u00dfenhandel dabei, ihre individuellen Problemstellungen nachhaltig zu meistern \u2013 sei es durch die L\u00f6sung konkreter&hellip;&nbsp;<a href=\"https:\/\/pma-solutions.de\/\" rel=\"bookmark\">Weiterlesen &raquo;<span class=\"screen-reader-text\"><\/span><\/a><\/p>\n","protected":false},"author":1,"featured_media":0,"parent":0,"menu_order":0,"comment_status":"closed","ping_status":"closed","template":"elementor_header_footer","meta":{"neve_meta_sidebar":"","neve_meta_container":"","neve_meta_enable_content_width":"","neve_meta_content_width":0,"neve_meta_title_alignment":"","neve_meta_author_avatar":"","neve_post_elements_order":"","neve_meta_disable_header":"","neve_meta_disable_footer":"","neve_meta_disable_title":"","footnotes":""},"class_list":["post-19","page","type-page","status-publish","hentry"],"_links":{"self":[{"href":"https:\/\/pma-solutions.de\/index.php?rest_route=\/wp\/v2\/pages\/19","targetHints":{"allow":["GET"]}}],"collection":[{"href":"https:\/\/pma-solutions.de\/index.php?rest_route=\/wp\/v2\/pages"}],"about":[{"href":"https:\/\/pma-solutions.de\/index.php?rest_route=\/wp\/v2\/types\/page"}],"author":[{"embeddable":true,"href":"https:\/\/pma-solutions.de\/index.php?rest_route=\/wp\/v2\/users\/1"}],"replies":[{"embeddable":true,"href":"https:\/\/pma-solutions.de\/index.php?rest_route=%2Fwp%2Fv2%2Fcomments&post=19"}],"version-history":[{"count":146,"href":"https:\/\/pma-solutions.de\/index.php?rest_route=\/wp\/v2\/pages\/19\/revisions"}],"predecessor-version":[{"id":365,"href":"https:\/\/pma-solutions.de\/index.php?rest_route=\/wp\/v2\/pages\/19\/revisions\/365"}],"wp:attachment":[{"href":"https:\/\/pma-solutions.de\/index.php?rest_route=%2Fwp%2Fv2%2Fmedia&parent=19"}],"curies":[{"name":"wp","href":"https:\/\/api.w.org\/{rel}","templated":true}]}}